
{"id":418,"date":"2015-11-04T17:20:15","date_gmt":"2015-11-04T16:20:15","guid":{"rendered":"https:\/\/www.krystale-and-ko.fr\/?page_id=418&#038;lang=en"},"modified":"2019-04-17T11:42:28","modified_gmt":"2019-04-17T09:42:28","slug":"krystale-mussels","status":"publish","type":"page","link":"https:\/\/www.krystale-and-ko.fr\/en\/krystale-mussels\/","title":{"rendered":"Krystale Mussels"},"content":{"rendered":"\n<h2 class=\"wp-block-heading\">Subtle-flavoured mussels with a soft texture<\/h2>\n\n\n\n<p>You about to experience an exceptional moment. You are about to experience the Krystale magic&#8230;<br>Imagine a smooth shell with a pearlescent shimmer<br>and delightfully generous flesh with warm yellowy-orange tones.<br>Notice the delicately soft, creamy texture,&nbsp;the subtle yet<br>powerful flavour, iodised aromas and the touch of sweetness.<br>Your mussel is a Krystale mussel&#8230; <\/p>\n\n\n\n<div class=\"wp-block-image\"><figure class=\"alignleft is-resized\"><img loading=\"lazy\" decoding=\"async\" src=\"https:\/\/www.krystale-and-ko.fr\/wp-content\/uploads\/2015\/11\/gp-moule.jpg\" alt=\"gp-moule\" class=\"wp-image-525\" width=\"101\" height=\"303\" srcset=\"https:\/\/www.krystale-and-ko.fr\/wp-content\/uploads\/2015\/11\/gp-moule.jpg 200w, https:\/\/www.krystale-and-ko.fr\/wp-content\/uploads\/2015\/11\/gp-moule-100x300.jpg 100w\" sizes=\"auto, (max-width: 101px) 100vw, 101px\" \/><\/figure><\/div>\n\n\n\n<h2 class=\"wp-block-heading\">Mini food-lovers&#8217; guide to tasting Krystale mussels<\/h2>\n\n\n\n<p><em>Wash your mussels carefully<br>and prepare according to your fancy.<br>With or without a sauce?<br>Traditional or original?<br>Quick or gourmet recipe?<br>Set the table for dinner or supper;<br>formal or informal presentations work.<br>Once ready, serve quickly and enjoy, alone or with friends.<br><\/em><\/p>\n\n\n\n<p>We wish you Bon app\u00e9tit!<\/p>\n\n\n\n<h2 class=\"wp-block-heading\">To obtain our magnificent Krystale mussels<\/h2>\n\n\n\n<div class=\"wp-block-image\"><figure class=\"alignleft is-resized\"><img loading=\"lazy\" decoding=\"async\" src=\"https:\/\/www.krystale-and-ko.fr\/wp-content\/uploads\/2019\/04\/moule-krystale.jpg\" alt=\"\" class=\"wp-image-943\" width=\"239\" height=\"212\" srcset=\"https:\/\/www.krystale-and-ko.fr\/wp-content\/uploads\/2019\/04\/moule-krystale.jpg 491w, https:\/\/www.krystale-and-ko.fr\/wp-content\/uploads\/2019\/04\/moule-krystale-300x266.jpg 300w\" sizes=\"auto, (max-width: 239px) 100vw, 239px\" \/><\/figure><\/div>\n\n\n\n<p style=\"background-color:#ffffff\" class=\"has-background\"><br>\u2022 We are careful to ensure a controlled supply of spat (spawn) and very early on avoid any competition between organisms.<br>\u2022 We continue to care for them in small batches to ensure sublime quality.<br>\u2022 We provide them with the optimum nutritional inputs to ensure consistency in flesh and size at every season.<\/p>\n","protected":false},"excerpt":{"rendered":"<p>Subtle-flavoured mussels with a soft texture You about to experience &#8230;<a class=\"read-more\" href=\"https:\/\/www.krystale-and-ko.fr\/en\/krystale-and-ko-news\/\">read more<\/a><\/p>\n","protected":false},"author":1,"featured_media":0,"parent":0,"menu_order":0,"comment_status":"closed","ping_status":"closed","template":"page_background.php","meta":{"footnotes":""},"class_list":["post-418","page","type-page","status-publish","hentry"],"yoast_head":"<!-- This site is optimized with the Yoast SEO plugin v27.4 - https:\/\/yoast.com\/product\/yoast-seo-wordpress\/ -->\n<title>Les moules Krystale Normandie Bretagne<\/title>\n<meta name=\"description\" content=\"Une coquille douce aux reflets nacr\u00e9s,une chair g\u00e9n\u00e9reuse et d\u00e9licate, une texture d\u00e9licate, onctueuse et fondante, voici les moules Krystale\" \/>\n<meta name=\"robots\" content=\"index, follow, max-snippet:-1, max-image-preview:large, max-video-preview:-1\" \/>\n<link rel=\"canonical\" href=\"https:\/\/www.krystale-and-ko.fr\/en\/krystale-mussels\/\" \/>\n<meta property=\"og:locale\" content=\"en_US\" \/>\n<meta property=\"og:type\" content=\"article\" \/>\n<meta property=\"og:title\" content=\"Les moules Krystale Normandie Bretagne\" \/>\n<meta property=\"og:description\" content=\"Une coquille douce aux reflets nacr\u00e9s,une chair g\u00e9n\u00e9reuse et d\u00e9licate, une texture d\u00e9licate, onctueuse et fondante, voici les moules Krystale\" \/>\n<meta property=\"og:url\" content=\"https:\/\/www.krystale-and-ko.fr\/en\/krystale-mussels\/\" \/>\n<meta property=\"og:site_name\" content=\"Krystale and Ko\" \/>\n<meta property=\"article:modified_time\" content=\"2019-04-17T09:42:28+00:00\" \/>\n<meta property=\"og:image\" content=\"https:\/\/www.krystale-and-ko.fr\/wp-content\/uploads\/2015\/11\/gp-moule.jpg\" \/>\n<meta name=\"twitter:card\" content=\"summary_large_image\" \/>\n<meta name=\"twitter:label1\" content=\"Est. reading time\" \/>\n\t<meta name=\"twitter:data1\" content=\"1 minute\" \/>\n<script type=\"application\/ld+json\" class=\"yoast-schema-graph\">{\"@context\":\"https:\\\/\\\/schema.org\",\"@graph\":[{\"@type\":\"WebPage\",\"@id\":\"https:\\\/\\\/www.krystale-and-ko.fr\\\/en\\\/krystale-mussels\\\/\",\"url\":\"https:\\\/\\\/www.krystale-and-ko.fr\\\/en\\\/krystale-mussels\\\/\",\"name\":\"Les moules Krystale Normandie Bretagne\",\"isPartOf\":{\"@id\":\"https:\\\/\\\/www.krystale-and-ko.fr\\\/en\\\/#website\"},\"primaryImageOfPage\":{\"@id\":\"https:\\\/\\\/www.krystale-and-ko.fr\\\/en\\\/krystale-mussels\\\/#primaryimage\"},\"image\":{\"@id\":\"https:\\\/\\\/www.krystale-and-ko.fr\\\/en\\\/krystale-mussels\\\/#primaryimage\"},\"thumbnailUrl\":\"https:\\\/\\\/www.krystale-and-ko.fr\\\/wp-content\\\/uploads\\\/2015\\\/11\\\/gp-moule.jpg\",\"datePublished\":\"2015-11-04T16:20:15+00:00\",\"dateModified\":\"2019-04-17T09:42:28+00:00\",\"description\":\"Une coquille douce aux reflets nacr\u00e9s,une chair g\u00e9n\u00e9reuse et d\u00e9licate, une texture d\u00e9licate, onctueuse et fondante, voici les moules Krystale\",\"breadcrumb\":{\"@id\":\"https:\\\/\\\/www.krystale-and-ko.fr\\\/en\\\/krystale-mussels\\\/#breadcrumb\"},\"inLanguage\":\"en-US\",\"potentialAction\":[{\"@type\":\"ReadAction\",\"target\":[\"https:\\\/\\\/www.krystale-and-ko.fr\\\/en\\\/krystale-mussels\\\/\"]}]},{\"@type\":\"ImageObject\",\"inLanguage\":\"en-US\",\"@id\":\"https:\\\/\\\/www.krystale-and-ko.fr\\\/en\\\/krystale-mussels\\\/#primaryimage\",\"url\":\"https:\\\/\\\/www.krystale-and-ko.fr\\\/wp-content\\\/uploads\\\/2015\\\/11\\\/gp-moule.jpg\",\"contentUrl\":\"https:\\\/\\\/www.krystale-and-ko.fr\\\/wp-content\\\/uploads\\\/2015\\\/11\\\/gp-moule.jpg\"},{\"@type\":\"BreadcrumbList\",\"@id\":\"https:\\\/\\\/www.krystale-and-ko.fr\\\/en\\\/krystale-mussels\\\/#breadcrumb\",\"itemListElement\":[{\"@type\":\"ListItem\",\"position\":1,\"name\":\"Accueil\",\"item\":\"https:\\\/\\\/www.krystale-and-ko.fr\\\/en\\\/\"},{\"@type\":\"ListItem\",\"position\":2,\"name\":\"Krystale Mussels\"}]},{\"@type\":\"WebSite\",\"@id\":\"https:\\\/\\\/www.krystale-and-ko.fr\\\/en\\\/#website\",\"url\":\"https:\\\/\\\/www.krystale-and-ko.fr\\\/en\\\/\",\"name\":\"Krystale and Ko\",\"description\":\"Producteur des huitres et moules Krystale Normandie Bretagne\",\"potentialAction\":[{\"@type\":\"SearchAction\",\"target\":{\"@type\":\"EntryPoint\",\"urlTemplate\":\"https:\\\/\\\/www.krystale-and-ko.fr\\\/en\\\/?s={search_term_string}\"},\"query-input\":{\"@type\":\"PropertyValueSpecification\",\"valueRequired\":true,\"valueName\":\"search_term_string\"}}],\"inLanguage\":\"en-US\"}]}<\/script>\n<!-- \/ Yoast SEO plugin. -->","yoast_head_json":{"title":"Les moules Krystale Normandie Bretagne","description":"Une coquille douce aux reflets nacr\u00e9s,une chair g\u00e9n\u00e9reuse et d\u00e9licate, une texture d\u00e9licate, onctueuse et fondante, voici les moules Krystale","robots":{"index":"index","follow":"follow","max-snippet":"max-snippet:-1","max-image-preview":"max-image-preview:large","max-video-preview":"max-video-preview:-1"},"canonical":"https:\/\/www.krystale-and-ko.fr\/en\/krystale-mussels\/","og_locale":"en_US","og_type":"article","og_title":"Les moules Krystale Normandie Bretagne","og_description":"Une coquille douce aux reflets nacr\u00e9s,une chair g\u00e9n\u00e9reuse et d\u00e9licate, une texture d\u00e9licate, onctueuse et fondante, voici les moules Krystale","og_url":"https:\/\/www.krystale-and-ko.fr\/en\/krystale-mussels\/","og_site_name":"Krystale and Ko","article_modified_time":"2019-04-17T09:42:28+00:00","og_image":[{"url":"https:\/\/www.krystale-and-ko.fr\/wp-content\/uploads\/2015\/11\/gp-moule.jpg","type":"","width":"","height":""}],"twitter_card":"summary_large_image","twitter_misc":{"Est. reading time":"1 minute"},"schema":{"@context":"https:\/\/schema.org","@graph":[{"@type":"WebPage","@id":"https:\/\/www.krystale-and-ko.fr\/en\/krystale-mussels\/","url":"https:\/\/www.krystale-and-ko.fr\/en\/krystale-mussels\/","name":"Les moules Krystale Normandie Bretagne","isPartOf":{"@id":"https:\/\/www.krystale-and-ko.fr\/en\/#website"},"primaryImageOfPage":{"@id":"https:\/\/www.krystale-and-ko.fr\/en\/krystale-mussels\/#primaryimage"},"image":{"@id":"https:\/\/www.krystale-and-ko.fr\/en\/krystale-mussels\/#primaryimage"},"thumbnailUrl":"https:\/\/www.krystale-and-ko.fr\/wp-content\/uploads\/2015\/11\/gp-moule.jpg","datePublished":"2015-11-04T16:20:15+00:00","dateModified":"2019-04-17T09:42:28+00:00","description":"Une coquille douce aux reflets nacr\u00e9s,une chair g\u00e9n\u00e9reuse et d\u00e9licate, une texture d\u00e9licate, onctueuse et fondante, voici les moules Krystale","breadcrumb":{"@id":"https:\/\/www.krystale-and-ko.fr\/en\/krystale-mussels\/#breadcrumb"},"inLanguage":"en-US","potentialAction":[{"@type":"ReadAction","target":["https:\/\/www.krystale-and-ko.fr\/en\/krystale-mussels\/"]}]},{"@type":"ImageObject","inLanguage":"en-US","@id":"https:\/\/www.krystale-and-ko.fr\/en\/krystale-mussels\/#primaryimage","url":"https:\/\/www.krystale-and-ko.fr\/wp-content\/uploads\/2015\/11\/gp-moule.jpg","contentUrl":"https:\/\/www.krystale-and-ko.fr\/wp-content\/uploads\/2015\/11\/gp-moule.jpg"},{"@type":"BreadcrumbList","@id":"https:\/\/www.krystale-and-ko.fr\/en\/krystale-mussels\/#breadcrumb","itemListElement":[{"@type":"ListItem","position":1,"name":"Accueil","item":"https:\/\/www.krystale-and-ko.fr\/en\/"},{"@type":"ListItem","position":2,"name":"Krystale Mussels"}]},{"@type":"WebSite","@id":"https:\/\/www.krystale-and-ko.fr\/en\/#website","url":"https:\/\/www.krystale-and-ko.fr\/en\/","name":"Krystale and Ko","description":"Producteur des huitres et moules Krystale Normandie Bretagne","potentialAction":[{"@type":"SearchAction","target":{"@type":"EntryPoint","urlTemplate":"https:\/\/www.krystale-and-ko.fr\/en\/?s={search_term_string}"},"query-input":{"@type":"PropertyValueSpecification","valueRequired":true,"valueName":"search_term_string"}}],"inLanguage":"en-US"}]}},"_links":{"self":[{"href":"https:\/\/www.krystale-and-ko.fr\/en\/wp-json\/wp\/v2\/pages\/418","targetHints":{"allow":["GET"]}}],"collection":[{"href":"https:\/\/www.krystale-and-ko.fr\/en\/wp-json\/wp\/v2\/pages"}],"about":[{"href":"https:\/\/www.krystale-and-ko.fr\/en\/wp-json\/wp\/v2\/types\/page"}],"author":[{"embeddable":true,"href":"https:\/\/www.krystale-and-ko.fr\/en\/wp-json\/wp\/v2\/users\/1"}],"replies":[{"embeddable":true,"href":"https:\/\/www.krystale-and-ko.fr\/en\/wp-json\/wp\/v2\/comments?post=418"}],"version-history":[{"count":18,"href":"https:\/\/www.krystale-and-ko.fr\/en\/wp-json\/wp\/v2\/pages\/418\/revisions"}],"predecessor-version":[{"id":956,"href":"https:\/\/www.krystale-and-ko.fr\/en\/wp-json\/wp\/v2\/pages\/418\/revisions\/956"}],"wp:attachment":[{"href":"https:\/\/www.krystale-and-ko.fr\/en\/wp-json\/wp\/v2\/media?parent=418"}],"curies":[{"name":"wp","href":"https:\/\/api.w.org\/{rel}","templated":true}]}}